{"id":1558,"date":"2011-12-22T17:21:02","date_gmt":"2011-12-22T16:21:02","guid":{"rendered":"http:\/\/www.planete-flop.fr\/blog\/?page_id=1558"},"modified":"2011-12-22T17:22:21","modified_gmt":"2011-12-22T16:22:21","slug":"theme-pour-piwigo-pure_tr_clear_blue","status":"publish","type":"page","link":"https:\/\/www.planete-flop.fr\/blog\/theme-pour-piwigo-pure_tr_clear_blue\/","title":{"rendered":"Th\u00e8me pour Piwigo : Pure_tr_clear_blue"},"content":{"rendered":"<p>[fr]<\/p>\n<h1>Description<\/h1>\n<p><strong>Ce th\u00e8me est un th\u00e8me enfant de Pure_default<\/strong>.<\/p>\n<p>Les th\u00e8mes Pure_* se distinguent par leurs bordures tr\u00e8s travaill\u00e9es.<\/p>\n<p>Ainsi le menu de Pure_tr_clear_blue h\u00e9rite d&#8217;un design frais et arrondis : des coins arrondis, donnant un aspect de bulle.<\/p>\n<p>Les blocs de contenu principaux sont fusionn\u00e9s \u00e0 droite au navigateur, comme un panneau sortant de la droite<\/p>\n<p>La palette de couleur donne le nom au th\u00e8me : une couleur bleu claire entre ciel et mer. L&#8217;arri\u00e8re plan est une image\/texture bleut\u00e9e et en d\u00e9grad\u00e9.<\/p>\n<p>Il g\u00e8re toutes tailles de miniatures et m\u00eame le multi-taille.<\/p>\n<p>[demo_bouton nom_id=&#8221;Pure_tr_clear_blue&#8221;]<\/p>\n<p><strong>Rappel : il n\u00e9cessite <\/strong><strong> Pure_default <\/strong><strong>!<\/strong><\/p>\n<p>[utilisez forum]<\/p>\n<p><strong> <\/strong>[\/fr]<\/p>\n<p>[en]<\/p>\n<h1>About<\/h1>\n<p><strong>It is a child theme of Pure_default : download <\/strong><strong>Pure_default<\/strong><strong> first !<\/strong><\/p>\n<p>The theme Pure_* distinguishes itself by their very worked borders.<\/p>\n<p>So the menu of Pure_tr_clear_blue inherits from a fresh design and round off: rounded corners  giving an aspect of bubble.<\/p>\n<p>The main blocks of contents are merged to the right to the browser, as a panel going out of the right.<\/p>\n<p>The color palette gives the name to the theme: a color blue clear between sky and sea. The background is textured picture, with a blue gradient.<\/p>\n<p>It manages any sizes of thumbnails and even multi-size.<\/p>\n<p>[demo_bouton nom_id=&#8221;Pure_tr_clear_blue&#8221;]<\/p>\n<p><strong>It is a child theme of Pure_default : download <\/strong><strong>Pure<\/strong><strong>_default first !<\/strong><\/p>\n<p>[use forum]<\/p>\n<p><strong> <\/strong>[\/en]<br \/>\n<div id='gallery-1' class='gallery galleryid-1558 gallery-columns-3 gallery-size-thumbnail'><figure class='gallery-item'>\n\t\t\t<div class='gallery-icon landscape'>\n\t\t\t\t<a href='https:\/\/www.planete-flop.fr\/blog\/wp-content\/uploads\/2011\/12\/22-12-2011-17-14-04.jpg'><img loading=\"lazy\" decoding=\"async\" width=\"150\" height=\"150\" src=\"https:\/\/www.planete-flop.fr\/blog\/wp-content\/uploads\/2011\/12\/22-12-2011-17-14-04-150x150.jpg\" class=\"attachment-thumbnail size-thumbnail\" alt=\"\" srcset=\"https:\/\/www.planete-flop.fr\/blog\/wp-content\/uploads\/2011\/12\/22-12-2011-17-14-04-150x150.jpg 150w, https:\/\/www.planete-flop.fr\/blog\/wp-content\/uploads\/2011\/12\/22-12-2011-17-14-04-36x36.jpg 36w, https:\/\/www.planete-flop.fr\/blog\/wp-content\/uploads\/2011\/12\/22-12-2011-17-14-04-115x115.jpg 115w\" sizes=\"auto, (max-width: 150px) 100vw, 150px\" \/><\/a>\n\t\t\t<\/div><\/figure><figure class='gallery-item'>\n\t\t\t<div class='gallery-icon landscape'>\n\t\t\t\t<a href='https:\/\/www.planete-flop.fr\/blog\/wp-content\/uploads\/2011\/12\/22-12-2011-17-13-29.jpg'><img loading=\"lazy\" decoding=\"async\" width=\"150\" height=\"150\" src=\"https:\/\/www.planete-flop.fr\/blog\/wp-content\/uploads\/2011\/12\/22-12-2011-17-13-29-150x150.jpg\" class=\"attachment-thumbnail size-thumbnail\" alt=\"\" srcset=\"https:\/\/www.planete-flop.fr\/blog\/wp-content\/uploads\/2011\/12\/22-12-2011-17-13-29-150x150.jpg 150w, https:\/\/www.planete-flop.fr\/blog\/wp-content\/uploads\/2011\/12\/22-12-2011-17-13-29-36x36.jpg 36w, https:\/\/www.planete-flop.fr\/blog\/wp-content\/uploads\/2011\/12\/22-12-2011-17-13-29-115x115.jpg 115w\" sizes=\"auto, (max-width: 150px) 100vw, 150px\" \/><\/a>\n\t\t\t<\/div><\/figure><figure class='gallery-item'>\n\t\t\t<div class='gallery-icon landscape'>\n\t\t\t\t<a href='https:\/\/www.planete-flop.fr\/blog\/wp-content\/uploads\/2011\/12\/22-12-2011-17-09-00.jpg'><img loading=\"lazy\" decoding=\"async\" width=\"150\" height=\"150\" src=\"https:\/\/www.planete-flop.fr\/blog\/wp-content\/uploads\/2011\/12\/22-12-2011-17-09-00-150x150.jpg\" class=\"attachment-thumbnail size-thumbnail\" alt=\"\" srcset=\"https:\/\/www.planete-flop.fr\/blog\/wp-content\/uploads\/2011\/12\/22-12-2011-17-09-00-150x150.jpg 150w, https:\/\/www.planete-flop.fr\/blog\/wp-content\/uploads\/2011\/12\/22-12-2011-17-09-00-36x36.jpg 36w, https:\/\/www.planete-flop.fr\/blog\/wp-content\/uploads\/2011\/12\/22-12-2011-17-09-00-115x115.jpg 115w\" sizes=\"auto, (max-width: 150px) 100vw, 150px\" \/><\/a>\n\t\t\t<\/div><\/figure>\n\t\t<\/div>\n<\/p>\n","protected":false},"excerpt":{"rendered":"<p>[fr] Description Ce th\u00e8me est un th\u00e8me enfant de Pure_default. Les th\u00e8mes Pure_* se distinguent par leurs bordures tr\u00e8s travaill\u00e9es. Ainsi le menu de Pure_tr_clear_blue h\u00e9rite d&#8217;un design frais et arrondis : des coins arrondis, donnant un aspect de bulle. Les blocs de contenu principaux sont fusionn\u00e9s \u00e0 droite au navigateur, comme un panneau sortant [&hellip;]<\/p>\n","protected":false},"author":1,"featured_media":1565,"parent":0,"menu_order":0,"comment_status":"open","ping_status":"open","template":"pagetpl-piwigo.php","meta":{"_s2mail":"","footnotes":""},"class_list":["post-1558","page","type-page","status-publish","has-post-thumbnail","hentry"],"_links":{"self":[{"href":"https:\/\/www.planete-flop.fr\/blog\/wp-json\/wp\/v2\/pages\/1558","targetHints":{"allow":["GET"]}}],"collection":[{"href":"https:\/\/www.planete-flop.fr\/blog\/wp-json\/wp\/v2\/pages"}],"about":[{"href":"https:\/\/www.planete-flop.fr\/blog\/wp-json\/wp\/v2\/types\/page"}],"author":[{"embeddable":true,"href":"https:\/\/www.planete-flop.fr\/blog\/wp-json\/wp\/v2\/users\/1"}],"replies":[{"embeddable":true,"href":"https:\/\/www.planete-flop.fr\/blog\/wp-json\/wp\/v2\/comments?post=1558"}],"version-history":[{"count":0,"href":"https:\/\/www.planete-flop.fr\/blog\/wp-json\/wp\/v2\/pages\/1558\/revisions"}],"wp:featuredmedia":[{"embeddable":true,"href":"https:\/\/www.planete-flop.fr\/blog\/wp-json\/wp\/v2\/media\/1565"}],"wp:attachment":[{"href":"https:\/\/www.planete-flop.fr\/blog\/wp-json\/wp\/v2\/media?parent=1558"}],"curies":[{"name":"wp","href":"https:\/\/api.w.org\/{rel}","templated":true}]}}