{"id":1481,"date":"2011-12-08T23:32:19","date_gmt":"2011-12-08T22:32:19","guid":{"rendered":"http:\/\/www.planete-flop.fr\/blog\/?page_id=1481"},"modified":"2011-12-09T14:28:54","modified_gmt":"2011-12-09T13:28:54","slug":"les-extensions-de-flop25-pour-piwigo","status":"publish","type":"page","link":"https:\/\/www.planete-flop.fr\/blog\/les-extensions-de-flop25-pour-piwigo\/","title":{"rendered":"Les extensions de Flop25 pour Piwigo"},"content":{"rendered":"<p><a href=\"http:\/\/www.planete-flop.fr\/blog\/wp-content\/uploads\/2011\/12\/piwigo_org_logo.png\"><img loading=\"lazy\" decoding=\"async\" class=\"alignleft size-full wp-image-1485\" title=\"piwigo_org_logo\" src=\"http:\/\/www.planete-flop.fr\/blog\/wp-content\/uploads\/2011\/12\/piwigo_org_logo.png\" alt=\"\" width=\"278\" height=\"80\" \/><\/a><\/p>\n<p>[fr]<\/p>\n<p>Piwigo est un logiciel de galerie photo pour le web, b\u00e2ti par une communaut\u00e9 active d&#8217;utilisateurs et de d\u00e9veloppeurs.<\/p>\n<p>Les extensions rendent Piwigo facilement personnalisable. Cerise sur le g\u00e2teau, Piwigo est libre et gratuit.<\/p>\n<p>&nbsp;<\/p>\n<p><a class=\"more-link\" title=\"les th\u00e8mes de Flop25\" href=\"..\/tag\/themes\/\">Th\u00e8mes<\/a> ::  <em><a href=\"..\/tag\/themes\/feed\/\">flux RSS-Mettre en marque page<\/a><\/em><\/p>\n<p>&nbsp;<\/p>\n<p><a class=\"more-link\" title=\"plugins de Flop25\" href=\"http:\/\/www.planete-flop.fr\/blog\/tag\/plugin\/\">Plugins <\/a>:: <a href=\"http:\/\/www.planete-flop.fr\/blog\/tag\/plugin\/feed\/\"><em>flux RSS-Mettre en marque page<\/em><\/a><\/p>\n<p>&nbsp;<\/p>\n<p>Templates :: <em>flux RSS-Mettre en marque page<\/em><\/p>\n<p>&nbsp;<\/p>\n<p><a class=\"more-link\" title=\"toutes les extensions pour Piwigo par Flop25\" href=\"http:\/\/www.planete-flop.fr\/blog\/tag\/telechargement+piwigo\/\">TOUT <\/a>:: <a href=\"http:\/\/www.planete-flop.fr\/blog\/tag\/telechargement+piwigo\/feed\/\"><em>flux RSS-Mettre en marque page<\/em><\/a><br \/>\n[\/fr]<\/p>\n<p>[en]<\/p>\n<p>Piwigo is a photo gallery software for the web, built by an active community of users and developers.<\/p>\n<p>Extensions make Piwigo easily customizable. Icing on the cake, Piwigo is free and opensource.<\/p>\n<p>&nbsp;<\/p>\n<p><a class=\"more-link\" title=\"th\u00e8mes of Flop25\" href=\"http:\/\/www.planete-flop.fr\/blog\/tag\/themes\/\">Themes<\/a> ::  <em><a href=\"http:\/\/www.planete-flop.fr\/blog\/tag\/themes\/feed\/\">RSS flux-Bookmark it<\/a><\/em><\/p>\n<p>&nbsp;<\/p>\n<p><a class=\"more-link\" title=\"plugins of Flop25\" href=\"http:\/\/www.planete-flop.fr\/blog\/tag\/plugin\/\">Plugins <\/a>:: <a href=\"http:\/\/www.planete-flop.fr\/blog\/tag\/plugin\/feed\/\"><em>RSS flux-Bookmark it<\/em><\/a><\/p>\n<p>&nbsp;<\/p>\n<p>Templates :: <em>RSS flux-Bookmark it<\/em><\/p>\n<p>&nbsp;<\/p>\n<p><a class=\"more-link\" title=\"all Flop25's Extensions for Piwigo\" href=\"http:\/\/www.planete-flop.fr\/blog\/tag\/telechargement+piwigo\/\">ALL<\/a> :: <a href=\"http:\/\/www.planete-flop.fr\/blog\/tag\/telechargement+piwigo\/feed\/\"><em>RSS flux-Bookmark it<\/em><\/a><\/p>\n<p>[\/en]<\/p>\n","protected":false},"excerpt":{"rendered":"<p>[fr] Piwigo est un logiciel de galerie photo pour le web, b\u00e2ti par une communaut\u00e9 active d&#8217;utilisateurs et de d\u00e9veloppeurs. Les extensions rendent Piwigo facilement personnalisable. Cerise sur le g\u00e2teau, Piwigo est libre et gratuit. &nbsp; Th\u00e8mes :: flux RSS-Mettre en marque page &nbsp; Plugins :: flux RSS-Mettre en marque page &nbsp; Templates :: flux [&hellip;]<\/p>\n","protected":false},"author":1,"featured_media":1485,"parent":0,"menu_order":0,"comment_status":"open","ping_status":"open","template":"","meta":{"_s2mail":"","footnotes":""},"class_list":["post-1481","page","type-page","status-publish","has-post-thumbnail","hentry"],"_links":{"self":[{"href":"https:\/\/www.planete-flop.fr\/blog\/wp-json\/wp\/v2\/pages\/1481","targetHints":{"allow":["GET"]}}],"collection":[{"href":"https:\/\/www.planete-flop.fr\/blog\/wp-json\/wp\/v2\/pages"}],"about":[{"href":"https:\/\/www.planete-flop.fr\/blog\/wp-json\/wp\/v2\/types\/page"}],"author":[{"embeddable":true,"href":"https:\/\/www.planete-flop.fr\/blog\/wp-json\/wp\/v2\/users\/1"}],"replies":[{"embeddable":true,"href":"https:\/\/www.planete-flop.fr\/blog\/wp-json\/wp\/v2\/comments?post=1481"}],"version-history":[{"count":0,"href":"https:\/\/www.planete-flop.fr\/blog\/wp-json\/wp\/v2\/pages\/1481\/revisions"}],"wp:featuredmedia":[{"embeddable":true,"href":"https:\/\/www.planete-flop.fr\/blog\/wp-json\/wp\/v2\/media\/1485"}],"wp:attachment":[{"href":"https:\/\/www.planete-flop.fr\/blog\/wp-json\/wp\/v2\/media?parent=1481"}],"curies":[{"name":"wp","href":"https:\/\/api.w.org\/{rel}","templated":true}]}}