{"id":1447,"date":"2011-12-08T17:28:03","date_gmt":"2011-12-08T16:28:03","guid":{"rendered":"http:\/\/www.planete-flop.fr\/blog\/?page_id=1447"},"modified":"2011-12-22T15:59:01","modified_gmt":"2011-12-22T14:59:01","slug":"theme-pour-piwigo-pure_autumn","status":"publish","type":"page","link":"https:\/\/www.planete-flop.fr\/blog\/theme-pour-piwigo-pure_autumn\/","title":{"rendered":"Th\u00e8me pour Piwigo : Pure_autumn"},"content":{"rendered":"<p>[fr]<\/p>\n<h1>Description<\/h1>\n<p><strong>Ce th\u00e8me est un th\u00e8me enfant de Pure_default<\/strong>.<\/p>\n<p>Les th\u00e8mes Pure_* se distinguent par leurs bordures tr\u00e8s travaill\u00e9es.<\/p>\n<p>Ainsi le menu de Pure_autumn h\u00e9rite d&#8217;un design frais et atypique : une double bordure et des coins entre arrondis et angles droits, donnant un aspect de bloc en S.<br \/>\nLes blocs albums et miniatures sont eux aussi en S, mais le coloris varie \u00e0 chaque bloc ! Al\u00e9atoire pour les miniatures et cyclique pour les albums.<\/p>\n<p>Les blocs de contenu principaux ont un design \u00e9pur\u00e9. Le bas de page a un design graphique travaill\u00e9, mais avec un rendu discret. Le tout sur un fond l\u00e9g\u00e8rement gris\u00e9.<\/p>\n<p>La palette de couleur donne le nom au th\u00e8me : des couleurs chaudes et froides, non-agressives qui rappellent l&#8217;automne. On se souviendra de votre galerie et on y reviendra !<\/p>\n<p>Il g\u00e8re toutes tailles de miniatures et m\u00eame le multi-taille.<br \/>\n<strong> <\/strong><br \/>\n[demo_bouton nom_id=&#8221;Pure_autumn&#8221;]<\/p>\n<p><strong>Rappel : il n\u00e9cessite <\/strong><strong> Pure_default<\/strong><strong>!<\/strong><\/p>\n<p>[utilisez forum]<\/p>\n<p><strong> <\/strong>[\/fr]<\/p>\n<p>[en]<\/p>\n<h1>About<\/h1>\n<p><strong>Pure_autumn is a child theme of Pure_default : download <\/strong><strong>Pure_default<\/strong><strong> first !<\/strong><\/p>\n<p>The theme Pure_* distinguishes itself by their very worked borders.<\/p>\n<p>So the menu of Pure_autumn inherits from a fresh and atypical design: a double border and corners which alternates between roundness and right angles, giving an aspect of &#8220;S&#8221; block.<br \/>\nBlocks albums and miniatures are in a shape of S too, but the color varies in every block! Random for miniatures and cyclic for albums.<\/p>\n<p>The main blocks of contents have an uncluttered design. The footer has a graphic design, but with a discreet depiction. The whole on a background lightly tinted.<\/p>\n<p>The color palette gives the name to the theme: warm, cold and non-aggressive colors which call back the autumn. We shall remember your gallery and we shall return there!<\/p>\n<p>It manages any sizes of thumbnails and even multi-size.<\/p>\n<p>[demo_bouton nom_id=&#8221;Pure_autumn&#8221;]<\/p>\n<p><strong>It is a child theme of Pure_default : download <\/strong><strong>Pure<\/strong><strong>_default first !<\/strong><\/p>\n<p>[use forum]<\/p>\n<p><strong> <\/strong>[\/en]<br \/>\n<div id='gallery-1' class='gallery galleryid-1447 gallery-columns-3 gallery-size-thumbnail'><figure class='gallery-item'>\n\t\t\t<div class='gallery-icon portrait'>\n\t\t\t\t<a href='https:\/\/www.planete-flop.fr\/blog\/wp-content\/uploads\/2011\/12\/www.planete-flop.fr-2011-12-08-17h-22m-22s.jpeg'><img loading=\"lazy\" decoding=\"async\" width=\"150\" height=\"150\" src=\"https:\/\/www.planete-flop.fr\/blog\/wp-content\/uploads\/2011\/12\/www.planete-flop.fr-2011-12-08-17h-22m-22s-150x150.jpg\" class=\"attachment-thumbnail size-thumbnail\" alt=\"\" srcset=\"https:\/\/www.planete-flop.fr\/blog\/wp-content\/uploads\/2011\/12\/www.planete-flop.fr-2011-12-08-17h-22m-22s-150x150.jpg 150w, https:\/\/www.planete-flop.fr\/blog\/wp-content\/uploads\/2011\/12\/www.planete-flop.fr-2011-12-08-17h-22m-22s-36x36.jpg 36w, https:\/\/www.planete-flop.fr\/blog\/wp-content\/uploads\/2011\/12\/www.planete-flop.fr-2011-12-08-17h-22m-22s-115x115.jpg 115w\" sizes=\"auto, (max-width: 150px) 100vw, 150px\" \/><\/a>\n\t\t\t<\/div><\/figure><figure class='gallery-item'>\n\t\t\t<div class='gallery-icon portrait'>\n\t\t\t\t<a href='https:\/\/www.planete-flop.fr\/blog\/wp-content\/uploads\/2011\/12\/www.planete-flop.fr-2011-12-08-17h-21m-54s.jpeg'><img loading=\"lazy\" decoding=\"async\" width=\"150\" height=\"150\" src=\"https:\/\/www.planete-flop.fr\/blog\/wp-content\/uploads\/2011\/12\/www.planete-flop.fr-2011-12-08-17h-21m-54s-150x150.jpg\" class=\"attachment-thumbnail size-thumbnail\" alt=\"\" srcset=\"https:\/\/www.planete-flop.fr\/blog\/wp-content\/uploads\/2011\/12\/www.planete-flop.fr-2011-12-08-17h-21m-54s-150x150.jpg 150w, https:\/\/www.planete-flop.fr\/blog\/wp-content\/uploads\/2011\/12\/www.planete-flop.fr-2011-12-08-17h-21m-54s-36x36.jpg 36w, https:\/\/www.planete-flop.fr\/blog\/wp-content\/uploads\/2011\/12\/www.planete-flop.fr-2011-12-08-17h-21m-54s-115x115.jpg 115w\" sizes=\"auto, (max-width: 150px) 100vw, 150px\" \/><\/a>\n\t\t\t<\/div><\/figure><figure class='gallery-item'>\n\t\t\t<div class='gallery-icon landscape'>\n\t\t\t\t<a href='https:\/\/www.planete-flop.fr\/blog\/wp-content\/uploads\/2011\/12\/08-12-2011-17-25-41.jpg'><img loading=\"lazy\" decoding=\"async\" width=\"150\" height=\"150\" src=\"https:\/\/www.planete-flop.fr\/blog\/wp-content\/uploads\/2011\/12\/08-12-2011-17-25-41-150x150.jpg\" class=\"attachment-thumbnail size-thumbnail\" alt=\"\" srcset=\"https:\/\/www.planete-flop.fr\/blog\/wp-content\/uploads\/2011\/12\/08-12-2011-17-25-41-150x150.jpg 150w, https:\/\/www.planete-flop.fr\/blog\/wp-content\/uploads\/2011\/12\/08-12-2011-17-25-41-36x36.jpg 36w, https:\/\/www.planete-flop.fr\/blog\/wp-content\/uploads\/2011\/12\/08-12-2011-17-25-41-115x115.jpg 115w\" sizes=\"auto, (max-width: 150px) 100vw, 150px\" \/><\/a>\n\t\t\t<\/div><\/figure><figure class='gallery-item'>\n\t\t\t<div class='gallery-icon landscape'>\n\t\t\t\t<a href='https:\/\/www.planete-flop.fr\/blog\/wp-content\/uploads\/2011\/12\/08-12-2011-17-25-22.jpg'><img loading=\"lazy\" decoding=\"async\" width=\"150\" height=\"150\" src=\"https:\/\/www.planete-flop.fr\/blog\/wp-content\/uploads\/2011\/12\/08-12-2011-17-25-22-150x150.jpg\" class=\"attachment-thumbnail size-thumbnail\" alt=\"\" srcset=\"https:\/\/www.planete-flop.fr\/blog\/wp-content\/uploads\/2011\/12\/08-12-2011-17-25-22-150x150.jpg 150w, https:\/\/www.planete-flop.fr\/blog\/wp-content\/uploads\/2011\/12\/08-12-2011-17-25-22-36x36.jpg 36w, https:\/\/www.planete-flop.fr\/blog\/wp-content\/uploads\/2011\/12\/08-12-2011-17-25-22-115x115.jpg 115w\" sizes=\"auto, (max-width: 150px) 100vw, 150px\" \/><\/a>\n\t\t\t<\/div><\/figure><figure class='gallery-item'>\n\t\t\t<div class='gallery-icon landscape'>\n\t\t\t\t<a href='https:\/\/www.planete-flop.fr\/blog\/wp-content\/uploads\/2011\/12\/08-12-2011-17-22-39.jpg'><img loading=\"lazy\" decoding=\"async\" width=\"150\" height=\"150\" src=\"https:\/\/www.planete-flop.fr\/blog\/wp-content\/uploads\/2011\/12\/08-12-2011-17-22-39-150x150.jpg\" class=\"attachment-thumbnail size-thumbnail\" alt=\"\" srcset=\"https:\/\/www.planete-flop.fr\/blog\/wp-content\/uploads\/2011\/12\/08-12-2011-17-22-39-150x150.jpg 150w, https:\/\/www.planete-flop.fr\/blog\/wp-content\/uploads\/2011\/12\/08-12-2011-17-22-39-36x36.jpg 36w, https:\/\/www.planete-flop.fr\/blog\/wp-content\/uploads\/2011\/12\/08-12-2011-17-22-39-115x115.jpg 115w\" sizes=\"auto, (max-width: 150px) 100vw, 150px\" \/><\/a>\n\t\t\t<\/div><\/figure>\n\t\t<\/div>\n<\/p>\n","protected":false},"excerpt":{"rendered":"<p>[fr] Description Ce th\u00e8me est un th\u00e8me enfant de Pure_default. Les th\u00e8mes Pure_* se distinguent par leurs bordures tr\u00e8s travaill\u00e9es. Ainsi le menu de Pure_autumn h\u00e9rite d&#8217;un design frais et atypique : une double bordure et des coins entre arrondis et angles droits, donnant un aspect de bloc en S. Les blocs albums et miniatures [&hellip;]<\/p>\n","protected":false},"author":1,"featured_media":1457,"parent":0,"menu_order":0,"comment_status":"open","ping_status":"open","template":"pagetpl-piwigo.php","meta":{"_s2mail":"","footnotes":""},"class_list":["post-1447","page","type-page","status-publish","has-post-thumbnail","hentry"],"_links":{"self":[{"href":"https:\/\/www.planete-flop.fr\/blog\/wp-json\/wp\/v2\/pages\/1447","targetHints":{"allow":["GET"]}}],"collection":[{"href":"https:\/\/www.planete-flop.fr\/blog\/wp-json\/wp\/v2\/pages"}],"about":[{"href":"https:\/\/www.planete-flop.fr\/blog\/wp-json\/wp\/v2\/types\/page"}],"author":[{"embeddable":true,"href":"https:\/\/www.planete-flop.fr\/blog\/wp-json\/wp\/v2\/users\/1"}],"replies":[{"embeddable":true,"href":"https:\/\/www.planete-flop.fr\/blog\/wp-json\/wp\/v2\/comments?post=1447"}],"version-history":[{"count":0,"href":"https:\/\/www.planete-flop.fr\/blog\/wp-json\/wp\/v2\/pages\/1447\/revisions"}],"wp:featuredmedia":[{"embeddable":true,"href":"https:\/\/www.planete-flop.fr\/blog\/wp-json\/wp\/v2\/media\/1457"}],"wp:attachment":[{"href":"https:\/\/www.planete-flop.fr\/blog\/wp-json\/wp\/v2\/media?parent=1447"}],"curies":[{"name":"wp","href":"https:\/\/api.w.org\/{rel}","templated":true}]}}