{"id":1375,"date":"2011-11-30T17:19:54","date_gmt":"2011-11-30T16:19:54","guid":{"rendered":"http:\/\/www.planete-flop.fr\/blog\/?page_id=1375"},"modified":"2011-12-22T16:06:42","modified_gmt":"2011-12-22T15:06:42","slug":"themes-pour-piwigo-hr_os-et-hr_os_xl","status":"publish","type":"page","link":"https:\/\/www.planete-flop.fr\/blog\/themes-pour-piwigo-hr_os-et-hr_os_xl\/","title":{"rendered":"Th\u00e8mes pour Piwigo hr_os et hr_os_xl"},"content":{"rendered":"<p>[fr]<\/p>\n<h1>Description<\/h1>\n<p>Ces th\u00e8mes ont \u00e9t\u00e9 cr\u00e9\u00e9s sur la base du th\u00e8me montblanc. Il s&#8217;agit de  th\u00e8mes \u00e0 menu horizontal d\u00e9roulant, aux couleurs grises et avec un  cadre g\u00e9n\u00e9ral \u00e0 effet 3d. L&#8217;ensemble donne un th\u00e8me inspir\u00e9 par les OS  modernes avec d\u00e9grad\u00e9s noirs glossy.<\/p>\n<p>Il g\u00e8re toutes tailles de miniatures et m\u00eame le multi-taille. La largeur du th\u00e8me est fixe \u00e0 940px.<\/p>\n<p>La banni\u00e8re peut \u00eatre affich\u00e9e ou pas sur certaines pages en options dans le th\u00e8me.<\/p>\n<p>[demo_bouton nom_id=&#8221;hr_os&#8221;]<\/p>\n<p>[demo_bouton nom_id=&#8221;hr_os_xl&#8221;]<\/p>\n<p>[utilisez forum]<\/p>\n<p>[\/fr]<\/p>\n<p>[en]<\/p>\n<h1>About<\/h1>\n<p>A theme with an horizontal drop-down menu and an OS-like design : glossy gradient, transparent background etc&#8230;<\/p>\n<p>It manage all size of thumbnails, and also the multi-size. The theme has a fixed width 940px.<\/p>\n<p>[demo_bouton nom_id=&#8221;hr_os&#8221;]<\/p>\n<p>[demo_bouton nom_id=&#8221;hr_os_xl&#8221;]<\/p>\n<p>[use forum]<\/p>\n<p>[\/en]<\/p>\n<div id='gallery-1' class='gallery galleryid-1375 gallery-columns-3 gallery-size-thumbnail'><figure class='gallery-item'>\n\t\t\t<div class='gallery-icon portrait'>\n\t\t\t\t<a href='https:\/\/www.planete-flop.fr\/blog\/wp-content\/uploads\/2011\/11\/www.planete-flop.fr-2011-11-30-17h-17m-53s.jpg'><img loading=\"lazy\" decoding=\"async\" width=\"150\" height=\"150\" src=\"https:\/\/www.planete-flop.fr\/blog\/wp-content\/uploads\/2011\/11\/www.planete-flop.fr-2011-11-30-17h-17m-53s-150x150.jpg\" class=\"attachment-thumbnail size-thumbnail\" alt=\"\" srcset=\"https:\/\/www.planete-flop.fr\/blog\/wp-content\/uploads\/2011\/11\/www.planete-flop.fr-2011-11-30-17h-17m-53s-150x150.jpg 150w, https:\/\/www.planete-flop.fr\/blog\/wp-content\/uploads\/2011\/11\/www.planete-flop.fr-2011-11-30-17h-17m-53s-36x36.jpg 36w, https:\/\/www.planete-flop.fr\/blog\/wp-content\/uploads\/2011\/11\/www.planete-flop.fr-2011-11-30-17h-17m-53s-115x115.jpg 115w\" sizes=\"auto, (max-width: 150px) 100vw, 150px\" \/><\/a>\n\t\t\t<\/div><\/figure><figure class='gallery-item'>\n\t\t\t<div class='gallery-icon landscape'>\n\t\t\t\t<a href='https:\/\/www.planete-flop.fr\/blog\/wp-content\/uploads\/2011\/11\/www.planete-flop.fr-2011-11-30-17h-16m-11s.jpg'><img loading=\"lazy\" decoding=\"async\" width=\"150\" height=\"150\" src=\"https:\/\/www.planete-flop.fr\/blog\/wp-content\/uploads\/2011\/11\/www.planete-flop.fr-2011-11-30-17h-16m-11s-150x150.jpg\" class=\"attachment-thumbnail size-thumbnail\" alt=\"\" srcset=\"https:\/\/www.planete-flop.fr\/blog\/wp-content\/uploads\/2011\/11\/www.planete-flop.fr-2011-11-30-17h-16m-11s-150x150.jpg 150w, https:\/\/www.planete-flop.fr\/blog\/wp-content\/uploads\/2011\/11\/www.planete-flop.fr-2011-11-30-17h-16m-11s-36x36.jpg 36w, https:\/\/www.planete-flop.fr\/blog\/wp-content\/uploads\/2011\/11\/www.planete-flop.fr-2011-11-30-17h-16m-11s-115x115.jpg 115w\" sizes=\"auto, (max-width: 150px) 100vw, 150px\" \/><\/a>\n\t\t\t<\/div><\/figure><figure class='gallery-item'>\n\t\t\t<div class='gallery-icon landscape'>\n\t\t\t\t<a href='https:\/\/www.planete-flop.fr\/blog\/wp-content\/uploads\/2011\/11\/30-11-2011-17-16-34.jpg'><img loading=\"lazy\" decoding=\"async\" width=\"150\" height=\"150\" src=\"https:\/\/www.planete-flop.fr\/blog\/wp-content\/uploads\/2011\/11\/30-11-2011-17-16-34-150x150.jpg\" class=\"attachment-thumbnail size-thumbnail\" alt=\"\" srcset=\"https:\/\/www.planete-flop.fr\/blog\/wp-content\/uploads\/2011\/11\/30-11-2011-17-16-34-150x150.jpg 150w, https:\/\/www.planete-flop.fr\/blog\/wp-content\/uploads\/2011\/11\/30-11-2011-17-16-34-36x36.jpg 36w, https:\/\/www.planete-flop.fr\/blog\/wp-content\/uploads\/2011\/11\/30-11-2011-17-16-34-115x115.jpg 115w\" sizes=\"auto, (max-width: 150px) 100vw, 150px\" \/><\/a>\n\t\t\t<\/div><\/figure>\n\t\t<\/div>\n\n","protected":false},"excerpt":{"rendered":"<p>[fr] Description Ces th\u00e8mes ont \u00e9t\u00e9 cr\u00e9\u00e9s sur la base du th\u00e8me montblanc. Il s&#8217;agit de th\u00e8mes \u00e0 menu horizontal d\u00e9roulant, aux couleurs grises et avec un cadre g\u00e9n\u00e9ral \u00e0 effet 3d. L&#8217;ensemble donne un th\u00e8me inspir\u00e9 par les OS modernes avec d\u00e9grad\u00e9s noirs glossy. Il g\u00e8re toutes tailles de miniatures et m\u00eame le multi-taille. [&hellip;]<\/p>\n","protected":false},"author":1,"featured_media":0,"parent":0,"menu_order":0,"comment_status":"open","ping_status":"closed","template":"pagetpl-piwigo.php","meta":{"_s2mail":"","footnotes":""},"class_list":["post-1375","page","type-page","status-publish","hentry"],"_links":{"self":[{"href":"https:\/\/www.planete-flop.fr\/blog\/wp-json\/wp\/v2\/pages\/1375","targetHints":{"allow":["GET"]}}],"collection":[{"href":"https:\/\/www.planete-flop.fr\/blog\/wp-json\/wp\/v2\/pages"}],"about":[{"href":"https:\/\/www.planete-flop.fr\/blog\/wp-json\/wp\/v2\/types\/page"}],"author":[{"embeddable":true,"href":"https:\/\/www.planete-flop.fr\/blog\/wp-json\/wp\/v2\/users\/1"}],"replies":[{"embeddable":true,"href":"https:\/\/www.planete-flop.fr\/blog\/wp-json\/wp\/v2\/comments?post=1375"}],"version-history":[{"count":0,"href":"https:\/\/www.planete-flop.fr\/blog\/wp-json\/wp\/v2\/pages\/1375\/revisions"}],"wp:attachment":[{"href":"https:\/\/www.planete-flop.fr\/blog\/wp-json\/wp\/v2\/media?parent=1375"}],"curies":[{"name":"wp","href":"https:\/\/api.w.org\/{rel}","templated":true}]}}