{"id":1366,"date":"2011-11-30T16:47:10","date_gmt":"2011-11-30T15:47:10","guid":{"rendered":"http:\/\/www.planete-flop.fr\/blog\/?page_id=1366"},"modified":"2011-12-26T10:39:42","modified_gmt":"2011-12-26T09:39:42","slug":"theme-pour-piwigo-hr_glass_xl","status":"publish","type":"page","link":"https:\/\/www.planete-flop.fr\/blog\/theme-pour-piwigo-hr_glass_xl\/","title":{"rendered":"Th\u00e8me pour Piwigo : hr_glass_xl"},"content":{"rendered":"<p>[fr]<\/p>\n<h1>Description<\/h1>\n<p>Ce th\u00e8me a \u00e9t\u00e9 cr\u00e9\u00e9 sur la base du th\u00e8me montblanc. Il s&#8217;agit d&#8217;un th\u00e8me \u00e0 menu horizontal d\u00e9roulant, aux couleurs claires avec un fond blanc semi transparent ! L&#8217;ensemble donne un th\u00e8me inspir\u00e9 par les OS modernes avec d\u00e9grad\u00e9s noirs glossy.<\/p>\n<p>Il g\u00e8re toutes tailles de miniatures et m\u00eame le multi-taille. La largeur du th\u00e8me est fixe \u00e0 940px.<\/p>\n<p>La banni\u00e8re peut \u00eatre affich\u00e9e ou pas sur certaines pages en options dans le th\u00e8me.<\/p>\n<p>[demo_bouton nom_id=&#8221;hr_glass_xl&#8221;]<\/p>\n<h1><\/h1>\n<p>[utilisez forum]<\/p>\n<p><strong><\/strong><\/p>\n<p>[\/fr]<\/p>\n<p>[en]<\/p>\n<h1>About<\/h1>\n<p>A theme with an horizontal drop-down menu and an OS-like design : glossy gradient, transparent background etc&#8230;<\/p>\n<p>It manage all size of thumbnails, and also the multi-size. The theme has a fixed width 940px.<\/p>\n<p>[demo_bouton nom_id=&#8221;hr_glass_xl&#8221;]<\/p>\n<h1><\/h1>\n<p>[use forum]<\/p>\n<p><strong><\/strong><\/p>\n<p>[\/en]<br \/>\n<div id='gallery-1' class='gallery galleryid-1366 gallery-columns-3 gallery-size-thumbnail'><figure class='gallery-item'>\n\t\t\t<div class='gallery-icon landscape'>\n\t\t\t\t<a href='https:\/\/www.planete-flop.fr\/blog\/wp-content\/uploads\/2011\/11\/30-11-2011-16-46-29.jpg'><img loading=\"lazy\" decoding=\"async\" width=\"150\" height=\"150\" src=\"https:\/\/www.planete-flop.fr\/blog\/wp-content\/uploads\/2011\/11\/30-11-2011-16-46-29-150x150.jpg\" class=\"attachment-thumbnail size-thumbnail\" alt=\"\" srcset=\"https:\/\/www.planete-flop.fr\/blog\/wp-content\/uploads\/2011\/11\/30-11-2011-16-46-29-150x150.jpg 150w, https:\/\/www.planete-flop.fr\/blog\/wp-content\/uploads\/2011\/11\/30-11-2011-16-46-29-36x36.jpg 36w, https:\/\/www.planete-flop.fr\/blog\/wp-content\/uploads\/2011\/11\/30-11-2011-16-46-29-115x115.jpg 115w\" sizes=\"auto, (max-width: 150px) 100vw, 150px\" \/><\/a>\n\t\t\t<\/div><\/figure><figure class='gallery-item'>\n\t\t\t<div class='gallery-icon landscape'>\n\t\t\t\t<a href='https:\/\/www.planete-flop.fr\/blog\/wp-content\/uploads\/2011\/11\/30-11-2011-16-45-05.jpg'><img loading=\"lazy\" decoding=\"async\" width=\"150\" height=\"150\" src=\"https:\/\/www.planete-flop.fr\/blog\/wp-content\/uploads\/2011\/11\/30-11-2011-16-45-05-150x150.jpg\" class=\"attachment-thumbnail size-thumbnail\" alt=\"\" srcset=\"https:\/\/www.planete-flop.fr\/blog\/wp-content\/uploads\/2011\/11\/30-11-2011-16-45-05-150x150.jpg 150w, https:\/\/www.planete-flop.fr\/blog\/wp-content\/uploads\/2011\/11\/30-11-2011-16-45-05-36x36.jpg 36w, https:\/\/www.planete-flop.fr\/blog\/wp-content\/uploads\/2011\/11\/30-11-2011-16-45-05-115x115.jpg 115w\" sizes=\"auto, (max-width: 150px) 100vw, 150px\" \/><\/a>\n\t\t\t<\/div><\/figure><figure class='gallery-item'>\n\t\t\t<div class='gallery-icon landscape'>\n\t\t\t\t<a href='https:\/\/www.planete-flop.fr\/blog\/wp-content\/uploads\/2011\/11\/30-11-2011-16-44-21.jpg'><img loading=\"lazy\" decoding=\"async\" width=\"150\" height=\"150\" src=\"https:\/\/www.planete-flop.fr\/blog\/wp-content\/uploads\/2011\/11\/30-11-2011-16-44-21-150x150.jpg\" class=\"attachment-thumbnail size-thumbnail\" alt=\"\" srcset=\"https:\/\/www.planete-flop.fr\/blog\/wp-content\/uploads\/2011\/11\/30-11-2011-16-44-21-150x150.jpg 150w, https:\/\/www.planete-flop.fr\/blog\/wp-content\/uploads\/2011\/11\/30-11-2011-16-44-21-36x36.jpg 36w, https:\/\/www.planete-flop.fr\/blog\/wp-content\/uploads\/2011\/11\/30-11-2011-16-44-21-115x115.jpg 115w\" sizes=\"auto, (max-width: 150px) 100vw, 150px\" \/><\/a>\n\t\t\t<\/div><\/figure>\n\t\t<\/div>\n<\/p>\n","protected":false},"excerpt":{"rendered":"<p>[fr] Description Ce th\u00e8me a \u00e9t\u00e9 cr\u00e9\u00e9 sur la base du th\u00e8me montblanc. Il s&#8217;agit d&#8217;un th\u00e8me \u00e0 menu horizontal d\u00e9roulant, aux couleurs claires avec un fond blanc semi transparent ! L&#8217;ensemble donne un th\u00e8me inspir\u00e9 par les OS modernes avec d\u00e9grad\u00e9s noirs glossy. Il g\u00e8re toutes tailles de miniatures et m\u00eame le multi-taille. La [&hellip;]<\/p>\n","protected":false},"author":1,"featured_media":0,"parent":0,"menu_order":0,"comment_status":"open","ping_status":"closed","template":"pagetpl-piwigo.php","meta":{"_s2mail":"","footnotes":""},"class_list":["post-1366","page","type-page","status-publish","hentry"],"_links":{"self":[{"href":"https:\/\/www.planete-flop.fr\/blog\/wp-json\/wp\/v2\/pages\/1366","targetHints":{"allow":["GET"]}}],"collection":[{"href":"https:\/\/www.planete-flop.fr\/blog\/wp-json\/wp\/v2\/pages"}],"about":[{"href":"https:\/\/www.planete-flop.fr\/blog\/wp-json\/wp\/v2\/types\/page"}],"author":[{"embeddable":true,"href":"https:\/\/www.planete-flop.fr\/blog\/wp-json\/wp\/v2\/users\/1"}],"replies":[{"embeddable":true,"href":"https:\/\/www.planete-flop.fr\/blog\/wp-json\/wp\/v2\/comments?post=1366"}],"version-history":[{"count":0,"href":"https:\/\/www.planete-flop.fr\/blog\/wp-json\/wp\/v2\/pages\/1366\/revisions"}],"wp:attachment":[{"href":"https:\/\/www.planete-flop.fr\/blog\/wp-json\/wp\/v2\/media?parent=1366"}],"curies":[{"name":"wp","href":"https:\/\/api.w.org\/{rel}","templated":true}]}}