{"id":1358,"date":"2011-11-30T15:54:06","date_gmt":"2011-11-30T14:54:06","guid":{"rendered":"http:\/\/www.planete-flop.fr\/blog\/?page_id=1358"},"modified":"2011-12-08T17:01:03","modified_gmt":"2011-12-08T16:01:03","slug":"theme-pour-piwigo-flop_mauve","status":"publish","type":"page","link":"https:\/\/www.planete-flop.fr\/blog\/theme-pour-piwigo-flop_mauve\/","title":{"rendered":"Th\u00e8me pour Piwigo : flop_mauve"},"content":{"rendered":"<p>[fr]<\/p>\n<h1>Description<\/h1>\n<p>Ce th\u00e8me \u00e0 dominante mauve fut originellement cr\u00e9\u00e9 pour Plan\u00e8te Flop : il fut le th\u00e8me de la galerie quand le site \u00e9tait h\u00e9berg\u00e9 par Free.<\/p>\n<p>Il poss\u00e8de des vignettes pour album verticale, \u00e0 la description tronqu\u00e9e (pour \u00e9viter qu&#8217;elle d\u00e9borde ou g\u00e9n\u00e8re un ascenseur) et au bord arrondis. Les miniatures sont pr\u00e9sent\u00e9es sur un fond image.<\/p>\n<p>Il est juste une l\u00e9g\u00e8re am\u00e9lioration en mauve du th\u00e8me dark. Tout comme les th\u00e8mes par d\u00e9faut, il ne g\u00e8re pas d&#8217;autres tailles de miniatures que celle par d\u00e9faut, ni le &#8220;multi-taille&#8221;.<\/p>\n<p><a class=\"aligncenter\" href=\"http:\/\/www.planete-flop.fr\/sandbox\/demo_piwigo\/index.php?\/categories&amp;theme=flop_mauve\"><img loading=\"lazy\" decoding=\"async\" class=\"aligncenter size-full\" title=\"button_demo\" src=\"http:\/\/www.planete-flop.fr\/blog\/wp-content\/uploads\/2011\/11\/button_demo.png\" alt=\"\" width=\"104\" height=\"40\" \/><\/a><\/p>\n<h1>Un probl\u00e8me ? Des questions ?<\/h1>\n<p><strong><a href=\"http:\/\/fr.piwigo.org\/forum\/index.php\" target=\"_blank\">Utilisez les forums de Piwigo<\/a> : si vous me contactez par mail, je vous demanderai de poster sur les    forums car votre message peut int\u00e9resser d&#8217;autres personnes. Pas de    support dans les commentaires non plus !!<\/strong><\/p>\n<p>[\/fr]<\/p>\n<p>[en]<\/p>\n<h1>About<\/h1>\n<p>Originally create for the first version of the Plan\u00e8te Flop gallery, the theme major color is mauve.<\/p>\n<p>It has vertical album, with a truncated description (for avoiding any scrollbar or any visible overflow) and rounded edges.<\/p>\n<p>It&#8217;s made from the default theme dark. So, like the other default themes, it doesn&#8217;t manage any thumbnail size different from the default one.<\/p>\n<p><a class=\"aligncenter\" href=\"http:\/\/www.planete-flop.fr\/sandbox\/demo_piwigo\/index.php?\/categories&amp;theme=flop_mauve\"><img loading=\"lazy\" decoding=\"async\" class=\"aligncenter size-full\" title=\"button_demo\" src=\"http:\/\/www.planete-flop.fr\/blog\/wp-content\/uploads\/2011\/11\/button_demo.png\" alt=\"\" width=\"104\" height=\"40\" \/><\/a><\/p>\n<h1>Problem\/Question ?<\/h1>\n<p><strong><a href=\"http:\/\/piwigo.org\/forum\/\" target=\"_blank\">Please use the Piwigo forum<\/a> : my mail and the commentaries are not for support!<\/strong><\/p>\n<p>[\/en]<\/p>\n<p>&nbsp;<\/p>\n<div id='gallery-1' class='gallery galleryid-1358 gallery-columns-3 gallery-size-thumbnail'><figure class='gallery-item'>\n\t\t\t<div class='gallery-icon landscape'>\n\t\t\t\t<a href='https:\/\/www.planete-flop.fr\/blog\/wp-content\/uploads\/2011\/11\/www.planete-flop.fr-2011-11-30-15h-43m-48s.png'><img loading=\"lazy\" decoding=\"async\" width=\"150\" height=\"150\" src=\"https:\/\/www.planete-flop.fr\/blog\/wp-content\/uploads\/2011\/11\/www.planete-flop.fr-2011-11-30-15h-43m-48s-150x150.png\" class=\"attachment-thumbnail size-thumbnail\" alt=\"\" srcset=\"https:\/\/www.planete-flop.fr\/blog\/wp-content\/uploads\/2011\/11\/www.planete-flop.fr-2011-11-30-15h-43m-48s-150x150.png 150w, https:\/\/www.planete-flop.fr\/blog\/wp-content\/uploads\/2011\/11\/www.planete-flop.fr-2011-11-30-15h-43m-48s-36x36.png 36w, https:\/\/www.planete-flop.fr\/blog\/wp-content\/uploads\/2011\/11\/www.planete-flop.fr-2011-11-30-15h-43m-48s-115x115.png 115w\" sizes=\"auto, (max-width: 150px) 100vw, 150px\" \/><\/a>\n\t\t\t<\/div><\/figure><figure class='gallery-item'>\n\t\t\t<div class='gallery-icon landscape'>\n\t\t\t\t<a href='https:\/\/www.planete-flop.fr\/blog\/wp-content\/uploads\/2011\/11\/www.planete-flop.fr-2011-11-30-15h-43m-16s.png'><img loading=\"lazy\" decoding=\"async\" width=\"150\" height=\"150\" src=\"https:\/\/www.planete-flop.fr\/blog\/wp-content\/uploads\/2011\/11\/www.planete-flop.fr-2011-11-30-15h-43m-16s-150x150.png\" class=\"attachment-thumbnail size-thumbnail\" alt=\"\" srcset=\"https:\/\/www.planete-flop.fr\/blog\/wp-content\/uploads\/2011\/11\/www.planete-flop.fr-2011-11-30-15h-43m-16s-150x150.png 150w, https:\/\/www.planete-flop.fr\/blog\/wp-content\/uploads\/2011\/11\/www.planete-flop.fr-2011-11-30-15h-43m-16s-36x36.png 36w, https:\/\/www.planete-flop.fr\/blog\/wp-content\/uploads\/2011\/11\/www.planete-flop.fr-2011-11-30-15h-43m-16s-115x115.png 115w\" sizes=\"auto, (max-width: 150px) 100vw, 150px\" \/><\/a>\n\t\t\t<\/div><\/figure>\n\t\t<\/div>\n\n","protected":false},"excerpt":{"rendered":"<p>[fr] Description Ce th\u00e8me \u00e0 dominante mauve fut originellement cr\u00e9\u00e9 pour Plan\u00e8te Flop : il fut le th\u00e8me de la galerie quand le site \u00e9tait h\u00e9berg\u00e9 par Free. Il poss\u00e8de des vignettes pour album verticale, \u00e0 la description tronqu\u00e9e (pour \u00e9viter qu&#8217;elle d\u00e9borde ou g\u00e9n\u00e8re un ascenseur) et au bord arrondis. Les miniatures sont pr\u00e9sent\u00e9es [&hellip;]<\/p>\n","protected":false},"author":1,"featured_media":0,"parent":0,"menu_order":0,"comment_status":"open","ping_status":"closed","template":"pagetpl-piwigo.php","meta":{"_s2mail":"","footnotes":""},"class_list":["post-1358","page","type-page","status-publish","hentry"],"_links":{"self":[{"href":"https:\/\/www.planete-flop.fr\/blog\/wp-json\/wp\/v2\/pages\/1358","targetHints":{"allow":["GET"]}}],"collection":[{"href":"https:\/\/www.planete-flop.fr\/blog\/wp-json\/wp\/v2\/pages"}],"about":[{"href":"https:\/\/www.planete-flop.fr\/blog\/wp-json\/wp\/v2\/types\/page"}],"author":[{"embeddable":true,"href":"https:\/\/www.planete-flop.fr\/blog\/wp-json\/wp\/v2\/users\/1"}],"replies":[{"embeddable":true,"href":"https:\/\/www.planete-flop.fr\/blog\/wp-json\/wp\/v2\/comments?post=1358"}],"version-history":[{"count":0,"href":"https:\/\/www.planete-flop.fr\/blog\/wp-json\/wp\/v2\/pages\/1358\/revisions"}],"wp:attachment":[{"href":"https:\/\/www.planete-flop.fr\/blog\/wp-json\/wp\/v2\/media?parent=1358"}],"curies":[{"name":"wp","href":"https:\/\/api.w.org\/{rel}","templated":true}]}}