{"id":1592,"date":"2011-12-22T18:23:34","date_gmt":"2011-12-22T17:23:34","guid":{"rendered":"http:\/\/www.planete-flop.fr\/blog\/?page_id=1592"},"modified":"2011-12-22T18:23:34","modified_gmt":"2011-12-22T17:23:34","slug":"theme-pour-piwigo-pure_sky","status":"publish","type":"page","link":"http:\/\/www.planete-flop.fr\/blog\/theme-pour-piwigo-pure_sky\/","title":{"rendered":"Th\u00e8me pour Piwigo : Pure_sky"},"content":{"rendered":"<p>[fr]<\/p>\n<h1>Description<\/h1>\n<p><strong>Ce th\u00e8me est un th\u00e8me enfant de Pure_default<\/strong>.<\/p>\n<p>Les th\u00e8mes Pure_* se distinguent par leurs bordures tr\u00e8s travaill\u00e9es.<\/p>\n<p>Ainsi le menu de Pure_sky h\u00e9rite d&#8217;un design frais et arrondis : des coins arrondis, donnant un aspect de bulle. Les ent\u00eates de chaque bloc sont dans les nuages avec une superbe texture bleu nuageuse !<\/p>\n<p>Les blocs de contenu principaux sont aussi \u00e0 fond blanc, bords arrondis et ent\u00eate textur\u00e9e.<\/p>\n<p>La palette de couleur donne le nom au th\u00e8me : une couleur bleu claire, un arri\u00e8re plan de nuage avec des fonds blanc.<\/p>\n<p>Il g\u00e8re toutes tailles de miniatures et m\u00eame le multi-taille.<\/p>\n<p>[demo_bouton nom_id=&#8221;Pure_sky&#8221;]<\/p>\n<p><strong>Rappel : il n\u00e9cessite <\/strong><strong> Pure_default <\/strong><strong>!<\/strong><\/p>\n<p>[utilisez forum]<\/p>\n<p><strong> <\/strong>[\/fr]<\/p>\n<p>[en]<\/p>\n<h1>About<\/h1>\n<p><strong>It is a child theme of Pure_default : download <\/strong><strong>Pure_default<\/strong><strong> first !<\/strong><\/p>\n<p>The theme Pure_* distinguishes itself by their very worked borders.<\/p>\n<p>So the menu of Pure_sky inherits from a fresh design and round off: rounded corners  giving an aspect of bubble. All blocs have a header with a textured picture : it represents a cloudy sky<\/p>\n<p>The main blocks of contents has a white background color and this textured header. All teh pages have clouds as backgrounds<\/p>\n<p>The color palette and pictrues gives the name to the theme : clouds, blue and white !<\/p>\n<p>It manages any sizes of thumbnails and even multi-size.<\/p>\n<p>[demo_bouton nom_id=&#8221;Pure_sky&#8221;]<\/p>\n<p><strong>It is a child theme of Pure_default : download <\/strong><strong>Pure<\/strong><strong>_default first !<\/strong><\/p>\n<p>[use forum]<\/p>\n<p><strong> <\/strong>[\/en]<br \/>\n<div id='gallery-1' class='gallery galleryid-1592 gallery-columns-3 gallery-size-thumbnail'><figure class='gallery-item'>\n\t\t\t<div class='gallery-icon portrait'>\n\t\t\t\t<a href='http:\/\/www.planete-flop.fr\/blog\/wp-content\/uploads\/2011\/12\/22-12-2011-18-22-37.jpg'><img loading=\"lazy\" decoding=\"async\" width=\"150\" height=\"150\" src=\"http:\/\/www.planete-flop.fr\/blog\/wp-content\/uploads\/2011\/12\/22-12-2011-18-22-37-150x150.jpg\" class=\"attachment-thumbnail size-thumbnail\" alt=\"\" srcset=\"http:\/\/www.planete-flop.fr\/blog\/wp-content\/uploads\/2011\/12\/22-12-2011-18-22-37-150x150.jpg 150w, http:\/\/www.planete-flop.fr\/blog\/wp-content\/uploads\/2011\/12\/22-12-2011-18-22-37-36x36.jpg 36w, http:\/\/www.planete-flop.fr\/blog\/wp-content\/uploads\/2011\/12\/22-12-2011-18-22-37-115x115.jpg 115w\" sizes=\"auto, (max-width: 150px) 100vw, 150px\" \/><\/a>\n\t\t\t<\/div><\/figure><figure class='gallery-item'>\n\t\t\t<div class='gallery-icon landscape'>\n\t\t\t\t<a href='http:\/\/www.planete-flop.fr\/blog\/wp-content\/uploads\/2011\/12\/22-12-2011-18-22-19.jpg'><img loading=\"lazy\" decoding=\"async\" width=\"150\" height=\"150\" src=\"http:\/\/www.planete-flop.fr\/blog\/wp-content\/uploads\/2011\/12\/22-12-2011-18-22-19-150x150.jpg\" class=\"attachment-thumbnail size-thumbnail\" alt=\"\" srcset=\"http:\/\/www.planete-flop.fr\/blog\/wp-content\/uploads\/2011\/12\/22-12-2011-18-22-19-150x150.jpg 150w, http:\/\/www.planete-flop.fr\/blog\/wp-content\/uploads\/2011\/12\/22-12-2011-18-22-19-36x36.jpg 36w, http:\/\/www.planete-flop.fr\/blog\/wp-content\/uploads\/2011\/12\/22-12-2011-18-22-19-115x115.jpg 115w\" sizes=\"auto, (max-width: 150px) 100vw, 150px\" \/><\/a>\n\t\t\t<\/div><\/figure><figure class='gallery-item'>\n\t\t\t<div class='gallery-icon landscape'>\n\t\t\t\t<a href='http:\/\/www.planete-flop.fr\/blog\/wp-content\/uploads\/2011\/12\/22-12-2011-18-12-16.jpg'><img loading=\"lazy\" decoding=\"async\" width=\"150\" height=\"150\" src=\"http:\/\/www.planete-flop.fr\/blog\/wp-content\/uploads\/2011\/12\/22-12-2011-18-12-16-150x150.jpg\" class=\"attachment-thumbnail size-thumbnail\" alt=\"\" srcset=\"http:\/\/www.planete-flop.fr\/blog\/wp-content\/uploads\/2011\/12\/22-12-2011-18-12-16-150x150.jpg 150w, http:\/\/www.planete-flop.fr\/blog\/wp-content\/uploads\/2011\/12\/22-12-2011-18-12-16-36x36.jpg 36w, http:\/\/www.planete-flop.fr\/blog\/wp-content\/uploads\/2011\/12\/22-12-2011-18-12-16-115x115.jpg 115w\" sizes=\"auto, (max-width: 150px) 100vw, 150px\" \/><\/a>\n\t\t\t<\/div><\/figure>\n\t\t<\/div>\n<\/p>\n","protected":false},"excerpt":{"rendered":"<p>[fr] Description Ce th\u00e8me est un th\u00e8me enfant de Pure_default. Les th\u00e8mes Pure_* se distinguent par leurs bordures tr\u00e8s travaill\u00e9es. Ainsi le menu de Pure_sky h\u00e9rite d&#8217;un design frais et arrondis : des coins arrondis, donnant un aspect de bulle. Les ent\u00eates de chaque bloc sont dans les nuages avec une superbe texture bleu nuageuse [&hellip;]<\/p>\n","protected":false},"author":1,"featured_media":0,"parent":0,"menu_order":0,"comment_status":"open","ping_status":"open","template":"pagetpl-piwigo.php","meta":{"_s2mail":"","footnotes":""},"class_list":["post-1592","page","type-page","status-publish","hentry"],"_links":{"self":[{"href":"http:\/\/www.planete-flop.fr\/blog\/wp-json\/wp\/v2\/pages\/1592","targetHints":{"allow":["GET"]}}],"collection":[{"href":"http:\/\/www.planete-flop.fr\/blog\/wp-json\/wp\/v2\/pages"}],"about":[{"href":"http:\/\/www.planete-flop.fr\/blog\/wp-json\/wp\/v2\/types\/page"}],"author":[{"embeddable":true,"href":"http:\/\/www.planete-flop.fr\/blog\/wp-json\/wp\/v2\/users\/1"}],"replies":[{"embeddable":true,"href":"http:\/\/www.planete-flop.fr\/blog\/wp-json\/wp\/v2\/comments?post=1592"}],"version-history":[{"count":0,"href":"http:\/\/www.planete-flop.fr\/blog\/wp-json\/wp\/v2\/pages\/1592\/revisions"}],"wp:attachment":[{"href":"http:\/\/www.planete-flop.fr\/blog\/wp-json\/wp\/v2\/media?parent=1592"}],"curies":[{"name":"wp","href":"https:\/\/api.w.org\/{rel}","templated":true}]}}