{"id":1390,"date":"2011-11-30T18:10:09","date_gmt":"2011-11-30T17:10:09","guid":{"rendered":"http:\/\/www.planete-flop.fr\/blog\/?page_id=1390"},"modified":"2011-12-22T15:48:56","modified_gmt":"2011-12-22T14:48:56","slug":"theme_piwigo_os_glass","status":"publish","type":"page","link":"http:\/\/www.planete-flop.fr\/blog\/theme_piwigo_os_glass\/","title":{"rendered":"Th\u00e8me pour Piwigo : OS_glass"},"content":{"rendered":"<p>[fr]<\/p>\n<h1>Description<\/h1>\n<p><strong>Ce th\u00e8me est un th\u00e8me enfant de OS_default<\/strong>.<\/p>\n<p>OS_glass est un th\u00e8me dont le menu &#8220;Menu&#8221; est horizontal avec des ic\u00f4nes illustratives, tandis que le menu principale reste vertical avec un fond semi transparent ! Les blocs du menu sont r\u00e9tractables (accord\u00e9on) et leur \u00e9tat est sauvegard\u00e9 durant la navigation.<\/p>\n<p>Les blocs du contenu principal sont semi transparents. L&#8217;ensemble donne un th\u00e8me inspir\u00e9 par les OS modernes avec d\u00e9grad\u00e9s noirs ou blanc-neige glossy.<\/p>\n<p>Il g\u00e8re toutes tailles de miniatures et m\u00eame le multi-taille.<\/p>\n<p>[demo_bouton nom_id=&#8221;OS_glass&#8221;]<\/p>\n<p><strong>Rappel : il n\u00e9cessite OS_default !<\/strong><\/p>\n<p>[utilisez forum]<\/p>\n<p><strong> <\/strong>[\/fr]<\/p>\n<p>[en]<\/p>\n<h1>About<\/h1>\n<p><strong>OS_glass is a child theme of OS_default : download OS_default first !<\/strong><\/p>\n<p>OS_glass has 2 menus :<\/p>\n<ul>\n<li>a horizontal menu containing the bloc menu &#8220;Menu&#8221; with icons, an home icon and the search field.<\/li>\n<li>the &#8220;classic&#8221; vertical menu : each bloc is expendable\/minimizable and their status is remembered during the navigation.<\/li>\n<\/ul>\n<p>The content blocs are transparent. The design is like an OS with white-snowy or black gradients.<\/p>\n<p>It manage all size of thumbnails, and also the multi-size.<\/p>\n<p>[demo_bouton nom_id=&#8221;OS_glass&#8221;]<\/p>\n<p><strong>OS_glass is a child theme of OS_default : download OS_default first !<\/strong><\/p>\n<h1><\/h1>\n<p>[use forum]<\/p>\n<p><strong><\/strong><\/p>\n<p><strong> <\/strong>[\/en]<br \/>\n<div id='gallery-1' class='gallery galleryid-1390 gallery-columns-3 gallery-size-thumbnail'><figure class='gallery-item'>\n\t\t\t<div class='gallery-icon landscape'>\n\t\t\t\t<a href='http:\/\/www.planete-flop.fr\/blog\/wp-content\/uploads\/2011\/11\/www.planete-flop.fr-2011-11-30-18h-06m-47s.jpeg'><img loading=\"lazy\" decoding=\"async\" width=\"150\" height=\"150\" src=\"http:\/\/www.planete-flop.fr\/blog\/wp-content\/uploads\/2011\/11\/www.planete-flop.fr-2011-11-30-18h-06m-47s-150x150.jpg\" class=\"attachment-thumbnail size-thumbnail\" alt=\"\" srcset=\"http:\/\/www.planete-flop.fr\/blog\/wp-content\/uploads\/2011\/11\/www.planete-flop.fr-2011-11-30-18h-06m-47s-150x150.jpg 150w, http:\/\/www.planete-flop.fr\/blog\/wp-content\/uploads\/2011\/11\/www.planete-flop.fr-2011-11-30-18h-06m-47s-36x36.jpg 36w, http:\/\/www.planete-flop.fr\/blog\/wp-content\/uploads\/2011\/11\/www.planete-flop.fr-2011-11-30-18h-06m-47s-115x115.jpg 115w\" sizes=\"auto, (max-width: 150px) 100vw, 150px\" \/><\/a>\n\t\t\t<\/div><\/figure><figure class='gallery-item'>\n\t\t\t<div class='gallery-icon landscape'>\n\t\t\t\t<a href='http:\/\/www.planete-flop.fr\/blog\/wp-content\/uploads\/2011\/11\/www.planete-flop.fr-2011-11-30-18h-04m-36s.jpg'><img loading=\"lazy\" decoding=\"async\" width=\"150\" height=\"150\" src=\"http:\/\/www.planete-flop.fr\/blog\/wp-content\/uploads\/2011\/11\/www.planete-flop.fr-2011-11-30-18h-04m-36s-150x150.jpg\" class=\"attachment-thumbnail size-thumbnail\" alt=\"\" srcset=\"http:\/\/www.planete-flop.fr\/blog\/wp-content\/uploads\/2011\/11\/www.planete-flop.fr-2011-11-30-18h-04m-36s-150x150.jpg 150w, http:\/\/www.planete-flop.fr\/blog\/wp-content\/uploads\/2011\/11\/www.planete-flop.fr-2011-11-30-18h-04m-36s-36x36.jpg 36w, http:\/\/www.planete-flop.fr\/blog\/wp-content\/uploads\/2011\/11\/www.planete-flop.fr-2011-11-30-18h-04m-36s-115x115.jpg 115w\" sizes=\"auto, (max-width: 150px) 100vw, 150px\" \/><\/a>\n\t\t\t<\/div><\/figure><figure class='gallery-item'>\n\t\t\t<div class='gallery-icon landscape'>\n\t\t\t\t<a href='http:\/\/www.planete-flop.fr\/blog\/wp-content\/uploads\/2011\/11\/screenshot.png'><img loading=\"lazy\" decoding=\"async\" width=\"150\" height=\"150\" src=\"http:\/\/www.planete-flop.fr\/blog\/wp-content\/uploads\/2011\/11\/screenshot-150x150.png\" class=\"attachment-thumbnail size-thumbnail\" alt=\"\" srcset=\"http:\/\/www.planete-flop.fr\/blog\/wp-content\/uploads\/2011\/11\/screenshot-150x150.png 150w, http:\/\/www.planete-flop.fr\/blog\/wp-content\/uploads\/2011\/11\/screenshot-36x36.png 36w, http:\/\/www.planete-flop.fr\/blog\/wp-content\/uploads\/2011\/11\/screenshot-115x115.png 115w\" sizes=\"auto, (max-width: 150px) 100vw, 150px\" \/><\/a>\n\t\t\t<\/div><\/figure><figure class='gallery-item'>\n\t\t\t<div class='gallery-icon landscape'>\n\t\t\t\t<a href='http:\/\/www.planete-flop.fr\/blog\/wp-content\/uploads\/2011\/11\/button_demo.png'><img loading=\"lazy\" decoding=\"async\" width=\"104\" height=\"40\" src=\"http:\/\/www.planete-flop.fr\/blog\/wp-content\/uploads\/2011\/11\/button_demo.png\" class=\"attachment-thumbnail size-thumbnail\" alt=\"\" \/><\/a>\n\t\t\t<\/div><\/figure><figure class='gallery-item'>\n\t\t\t<div class='gallery-icon landscape'>\n\t\t\t\t<a href='http:\/\/www.planete-flop.fr\/blog\/wp-content\/uploads\/2011\/11\/30-11-2011-18-07-52.jpg'><img loading=\"lazy\" decoding=\"async\" width=\"150\" height=\"150\" src=\"http:\/\/www.planete-flop.fr\/blog\/wp-content\/uploads\/2011\/11\/30-11-2011-18-07-52-150x150.jpg\" class=\"attachment-thumbnail size-thumbnail\" alt=\"\" srcset=\"http:\/\/www.planete-flop.fr\/blog\/wp-content\/uploads\/2011\/11\/30-11-2011-18-07-52-150x150.jpg 150w, http:\/\/www.planete-flop.fr\/blog\/wp-content\/uploads\/2011\/11\/30-11-2011-18-07-52-36x36.jpg 36w, http:\/\/www.planete-flop.fr\/blog\/wp-content\/uploads\/2011\/11\/30-11-2011-18-07-52-115x115.jpg 115w\" sizes=\"auto, (max-width: 150px) 100vw, 150px\" \/><\/a>\n\t\t\t<\/div><\/figure>\n\t\t<\/div>\n<\/p>\n","protected":false},"excerpt":{"rendered":"<p>[fr] Description Ce th\u00e8me est un th\u00e8me enfant de OS_default. OS_glass est un th\u00e8me dont le menu &#8220;Menu&#8221; est horizontal avec des ic\u00f4nes illustratives, tandis que le menu principale reste vertical avec un fond semi transparent ! Les blocs du menu sont r\u00e9tractables (accord\u00e9on) et leur \u00e9tat est sauvegard\u00e9 durant la navigation. Les blocs du [&hellip;]<\/p>\n","protected":false},"author":1,"featured_media":0,"parent":0,"menu_order":0,"comment_status":"open","ping_status":"closed","template":"pagetpl-piwigo.php","meta":{"_s2mail":"","footnotes":""},"class_list":["post-1390","page","type-page","status-publish","hentry"],"_links":{"self":[{"href":"http:\/\/www.planete-flop.fr\/blog\/wp-json\/wp\/v2\/pages\/1390","targetHints":{"allow":["GET"]}}],"collection":[{"href":"http:\/\/www.planete-flop.fr\/blog\/wp-json\/wp\/v2\/pages"}],"about":[{"href":"http:\/\/www.planete-flop.fr\/blog\/wp-json\/wp\/v2\/types\/page"}],"author":[{"embeddable":true,"href":"http:\/\/www.planete-flop.fr\/blog\/wp-json\/wp\/v2\/users\/1"}],"replies":[{"embeddable":true,"href":"http:\/\/www.planete-flop.fr\/blog\/wp-json\/wp\/v2\/comments?post=1390"}],"version-history":[{"count":0,"href":"http:\/\/www.planete-flop.fr\/blog\/wp-json\/wp\/v2\/pages\/1390\/revisions"}],"wp:attachment":[{"href":"http:\/\/www.planete-flop.fr\/blog\/wp-json\/wp\/v2\/media?parent=1390"}],"curies":[{"name":"wp","href":"https:\/\/api.w.org\/{rel}","templated":true}]}}