{"id":1304,"date":"2011-11-28T19:27:22","date_gmt":"2011-11-28T18:27:22","guid":{"rendered":"http:\/\/www.planete-flop.fr\/blog\/?page_id=1304"},"modified":"2011-11-28T20:35:06","modified_gmt":"2011-11-28T19:35:06","slug":"adult-content","status":"publish","type":"page","link":"http:\/\/www.planete-flop.fr\/blog\/adult-content\/","title":{"rendered":"Plugin pour Piwigo : Adult Content"},"content":{"rendered":"<p>[fr]<\/p>\n<h1>Description<\/h1>\n<p>Adult_content sert \u00e0 prot\u00e9ger les enfants des images \u00e0 caract\u00e8res pornographiques et\/ou \u00e9rotiques pr\u00e9sent\u00e9es sur votre site : gestion des visiteurs et des inscrits selon leur age. Vous g\u00e9rez les droits des images avec les 3 groupes cr\u00e9\u00e9s par le plugin : nothing (image libre acc\u00e8s), 16-47 (images \u00e9rotiques), +18 (images pornographiques) Peut-\u00eatre adapt\u00e9 en changeant les textes pour des contenus violents.<\/p>\n<h1>D\u00e9mo<\/h1>\n<p><a href=\"http:\/\/www.planete-flop.fr\/gallerie\">Sur la galerie ici-m\u00eame<\/a><\/p>\n<div id='gallery-1' class='gallery galleryid-1304 gallery-columns-3 gallery-size-thumbnail'><figure class='gallery-item'>\n\t\t\t<div class='gallery-icon landscape'>\n\t\t\t\t<a href='http:\/\/www.planete-flop.fr\/blog\/wp-content\/uploads\/2011\/11\/28-11-2011-19-58-57.png'><img loading=\"lazy\" decoding=\"async\" width=\"150\" height=\"150\" src=\"http:\/\/www.planete-flop.fr\/blog\/wp-content\/uploads\/2011\/11\/28-11-2011-19-58-57-150x150.png\" class=\"attachment-thumbnail size-thumbnail\" alt=\"\" srcset=\"http:\/\/www.planete-flop.fr\/blog\/wp-content\/uploads\/2011\/11\/28-11-2011-19-58-57-150x150.png 150w, http:\/\/www.planete-flop.fr\/blog\/wp-content\/uploads\/2011\/11\/28-11-2011-19-58-57-36x36.png 36w, http:\/\/www.planete-flop.fr\/blog\/wp-content\/uploads\/2011\/11\/28-11-2011-19-58-57-115x115.png 115w\" sizes=\"auto, (max-width: 150px) 100vw, 150px\" \/><\/a>\n\t\t\t<\/div><\/figure><figure class='gallery-item'>\n\t\t\t<div class='gallery-icon landscape'>\n\t\t\t\t<a href='http:\/\/www.planete-flop.fr\/blog\/wp-content\/uploads\/2011\/11\/28-11-2011-19-56-36.jpg'><img loading=\"lazy\" decoding=\"async\" width=\"150\" height=\"150\" src=\"http:\/\/www.planete-flop.fr\/blog\/wp-content\/uploads\/2011\/11\/28-11-2011-19-56-36-150x150.jpg\" class=\"attachment-thumbnail size-thumbnail\" alt=\"\" srcset=\"http:\/\/www.planete-flop.fr\/blog\/wp-content\/uploads\/2011\/11\/28-11-2011-19-56-36-150x150.jpg 150w, http:\/\/www.planete-flop.fr\/blog\/wp-content\/uploads\/2011\/11\/28-11-2011-19-56-36-36x36.jpg 36w, http:\/\/www.planete-flop.fr\/blog\/wp-content\/uploads\/2011\/11\/28-11-2011-19-56-36-115x115.jpg 115w\" sizes=\"auto, (max-width: 150px) 100vw, 150px\" \/><\/a>\n\t\t\t<\/div><\/figure><figure class='gallery-item'>\n\t\t\t<div class='gallery-icon portrait'>\n\t\t\t\t<a href='http:\/\/www.planete-flop.fr\/blog\/wp-content\/uploads\/2011\/11\/28-11-2011-19-55-46.png'><img loading=\"lazy\" decoding=\"async\" width=\"150\" height=\"150\" src=\"http:\/\/www.planete-flop.fr\/blog\/wp-content\/uploads\/2011\/11\/28-11-2011-19-55-46-150x150.png\" class=\"attachment-thumbnail size-thumbnail\" alt=\"\" srcset=\"http:\/\/www.planete-flop.fr\/blog\/wp-content\/uploads\/2011\/11\/28-11-2011-19-55-46-150x150.png 150w, http:\/\/www.planete-flop.fr\/blog\/wp-content\/uploads\/2011\/11\/28-11-2011-19-55-46-36x36.png 36w, http:\/\/www.planete-flop.fr\/blog\/wp-content\/uploads\/2011\/11\/28-11-2011-19-55-46-115x115.png 115w\" sizes=\"auto, (max-width: 150px) 100vw, 150px\" \/><\/a>\n\t\t\t<\/div><\/figure>\n\t\t<\/div>\n\n<h2>Comment \u00e7a marche ?<\/h2>\n<p>Le plugin ne reconnait pas magiquement quel contenu est litigieux ou non ! Il vous faut donc passer les albums posant probl\u00e8mes en &#8220;priv\u00e9&#8221;, puis autoriser les deux groupes &#8220;+18&#8221; et &#8220;16-17&#8221; (cr\u00e9\u00e9s par le plugin) comme ceci :<br \/>\n&#8211; autoriser le groupe &#8220;+18&#8221; \u00e0 voir le contenu pornographique ou autre,  r\u00e9serv\u00e9 aux plus de 18 ans ET le contenu \u00e9rotique, r\u00e9serv\u00e9 aux plus de  16 ans ET le contenu normal (mais normalement le contenu normal est  public bien souvent)<br \/>\n&#8211; autoriser le groupe &#8220;16-17&#8221; \u00e0 voir le contenu \u00e9rotique, r\u00e9serv\u00e9 aux  plus de 16 ans ET le contenu normal (mais normalement le contenu normal  est public bien souvent)<br \/>\n&#8211; autoriser le groupe &#8220;nothing&#8221; \u00e0 voir le contenu normal (mais normalement le contenu normal est bien souvent public)<\/p>\n<p>Vous n&#8217;avez rien d&#8217;autre \u00e0 faire.<\/p>\n<p>Il est possible de g\u00e9rer les images individuellement en utilisant les permissions &#8220;Qui peut voir ? Admins-&gt;famille&#8230;&#8221; : il suffit d&#8217;associer un niveau de confidentialit\u00e9 aux utilisateurs. Par exemple, &#8220;Famille&#8221; pour &#8220;18&#8221; et &#8220;Amis&#8221; pour &#8220;16&#8221;, et les autres utilisateurs selon ce m\u00eame principe.<br \/>\nIl est possible d&#8217;ajouter\/personnaliser les niveaux de confidentialit\u00e9 mais certains plugin peuvent ne pas aimer.<\/p>\n<h3>Les options<\/h3>\n<p>Si l&#8217;option &#8220;Permettre aux visiteurs non-enregistr\u00e9s de s\u00e9lectionner   leur \u00e2ge ?&#8221; est activ\u00e9e, alors le plugin g\u00e9rera les visiteurs.<br \/>\nIl affiche un bloc menu, indiquant que la galerie est &#8220;filtr\u00e9e&#8221; et que   s&#8217;il souhaite d\u00e9sactiver le filtre, il doit s\u00e9lectionner son \u00e2ge. Il est   alors redirig\u00e9 vers la page de choix de l&#8217;\u00e2ge pour visiteur   (charte.php).<\/p>\n<p>Vous choisir de g\u00e9rer le contenu pornographique et\/ou \u00e9rotique. En pratique, seules les pages d&#8217;avertissements sont modifi\u00e9es selon cette option : ainsi si vous choisissez &#8220;contenu \u00e9rotique seulement&#8221;, le groupe &#8220;18+&#8221; et l&#8217;utilisateur &#8220;18&#8221; demeureront dans Piwigo, afin de vous permettre de changer d&#8217;avis.<\/p>\n<h3>La gestion des utilisateurs<\/h3>\n<p>Si l&#8217;utilisateur est d\u00e9j\u00e0 enregistr\u00e9 \u00e0 l&#8217;activation du plugin, le plugin  affiche un bloc menu indiquant qu&#8217;il doit s\u00e9lectionner son \u00e2ge. S&#8217;il  clique dessus, la page contenant le message d&#8217;avertissement et le choix  de l&#8217;\u00e2ge (charte_user.php).<br \/>\nSi un visiteur s&#8217;enregistre, il est redirig\u00e9 vers la page de choix de  l&#8217;\u00e2ge (charte_user.php), directement apr\u00e8s son enregistrement.<\/p>\n<p>En pratique, le plugin place l&#8217;utilisateur dans les des 3 groupes, &#8220;+18&#8221;  &#8220;16-17&#8221; et &#8220;nothing&#8221;, selon son choix d&#8217;\u00e2ge. Un utilisateur peut \u00e0 tout  moment changer son \u00e2ge via le bloc menu d&#8217;adult_content sauf si celui  est d\u00e9sactiv\u00e9 via l&#8217;administration de piwigo (attention le lien direct  vers charte_user.php continue de fonctionner tout de m\u00eame) : si vous  souhaiter qu&#8217;un utilisateur ne puisse pas changer son \u00e2ge alors ce  plugin ne sert \u00e0 rien, utiliser directement la gestion des droits au  niveau des groupes et\/ou des images.<\/p>\n<h3>La gestion des visiteurs<\/h3>\n<p>Si l&#8217;option &#8220;Permettre aux visiteurs non-enregistr\u00e9s de s\u00e9lectionner  leur \u00e2ge ?&#8221; est activ\u00e9e, alors le plugin g\u00e9rera les visiteurs.<br \/>\nIl affiche un bloc menu, indiquant que la galerie est &#8220;filtr\u00e9e&#8221; et que  s&#8217;il souhaite d\u00e9sactiver le filtre, il doit s\u00e9lectionner son \u00e2ge. Il est  alors redirig\u00e9 vers la page de choix de l&#8217;\u00e2ge pour visiteur  (charte.php).<\/p>\n<p>En pratique, le visiteur est alors enregistr\u00e9 sous un des 2 utilisateurs  cr\u00e9\u00e9 par le plugin : &#8220;18&#8221; appartenant au groupe &#8220;+18&#8221;, et &#8220;16&#8221; du  groupe &#8220;16-17&#8221;. Ces 2 comptes utilisateurs ne peuvent \u00eatre modifi\u00e9 par  eux-m\u00eames, mais uniquement par l&#8217;administrateur lui-m\u00eame. Vous pouvez  ainsi choisir de changer le th\u00e8me selon l&#8217;\u00e2ge du visiteur via ces 2  comptes utilisateurs.<\/p>\n<h2>Adaptations possibles\/\u00e9volutions<\/h2>\n<p>Vous pouvez adapter ce plugin pour du contenu violent, simplement en  changeant les fichiers langues du plugin (utilisez le plugin LocalFiles  Editor pour plus de facilit\u00e9 et allez voir le lien dans l&#8217;aide du plugin dans votre galerie Piwigo)<\/p>\n<p>Actuellement, la gestion des niveau de confidentialit\u00e9 (gestion image\/utilisateur a contrario de album\/groupe) n&#8217;est aps automatis\u00e9e par le plugin : c&#8217;est envisag\u00e9<\/p>\n<h1>Un probl\u00e8me ? Des questions ?<\/h1>\n<p><strong><a href=\"http:\/\/fr.piwigo.org\/forum\/index.php\" target=\"_blank\">Utilisez les forums de Piwigo<\/a> : si vous me contactez par mail, je vous demanderai de poster sur les forums car votre message peut int\u00e9resser d&#8217;autres personnes. Pas de support dans les commentaires non plus !!<\/strong><\/p>\n<p>[\/fr]<\/p>\n<p>[en]<\/p>\n<h1>Summary<\/h1>\n<p>&#8216;Adult_content&#8217; helps to protect children. Mature pictures are filtered according to age. Three user groups are provided by the plugin: nothing, 16-17, 18+, allowing management of photo viewing by each group. May be adapted for violent content.<\/p>\n<p>The principle of the plugin is to help in the management of mature content (it can also be  adapted for violent content). To do this, the plugin manages the visitors and\/or the users  as you wish according to your definition of parameters of the plugin.<\/p>\n<p>1 &#8211; As administrator you must put your adult content in a private gallery or album (the  plugin does not manage the rights to the level of images itself, at least not yet). Then  assign the gallery or album to the two groups &#8217;18&#8217; and &#8216; 16-17&#8242; (created by the plugin)  like this:<\/p>\n<p>-allow the group &#8217;18&#8217; to see the adult content, reserved for users over the of age of 18  and normal content (but generally the normal content is often public)<\/p>\n<p>-allow the group &#8216; 16-17&#8217; to see the adult content reserved for users over the age of 16  and normal content (generally the normal content is often public)<\/p>\n<p>&#8211; the &#8216;nothing&#8217; group will see the normal content (but generally the normal content is  often public)<\/p>\n<h1>Demo<\/h1>\n<p><a href=\"http:\/\/www.planete-flop.fr\/gallerie\">On the gallery, right there!<\/a><\/p>\n<div id='gallery-2' class='gallery galleryid-1304 gallery-columns-3 gallery-size-thumbnail'><figure class='gallery-item'>\n\t\t\t<div class='gallery-icon landscape'>\n\t\t\t\t<a href='http:\/\/www.planete-flop.fr\/blog\/wp-content\/uploads\/2011\/11\/28-11-2011-19-58-57.png'><img loading=\"lazy\" decoding=\"async\" width=\"150\" height=\"150\" src=\"http:\/\/www.planete-flop.fr\/blog\/wp-content\/uploads\/2011\/11\/28-11-2011-19-58-57-150x150.png\" class=\"attachment-thumbnail size-thumbnail\" alt=\"\" srcset=\"http:\/\/www.planete-flop.fr\/blog\/wp-content\/uploads\/2011\/11\/28-11-2011-19-58-57-150x150.png 150w, http:\/\/www.planete-flop.fr\/blog\/wp-content\/uploads\/2011\/11\/28-11-2011-19-58-57-36x36.png 36w, http:\/\/www.planete-flop.fr\/blog\/wp-content\/uploads\/2011\/11\/28-11-2011-19-58-57-115x115.png 115w\" sizes=\"auto, (max-width: 150px) 100vw, 150px\" \/><\/a>\n\t\t\t<\/div><\/figure><figure class='gallery-item'>\n\t\t\t<div class='gallery-icon landscape'>\n\t\t\t\t<a href='http:\/\/www.planete-flop.fr\/blog\/wp-content\/uploads\/2011\/11\/28-11-2011-19-56-36.jpg'><img loading=\"lazy\" decoding=\"async\" width=\"150\" height=\"150\" src=\"http:\/\/www.planete-flop.fr\/blog\/wp-content\/uploads\/2011\/11\/28-11-2011-19-56-36-150x150.jpg\" class=\"attachment-thumbnail size-thumbnail\" alt=\"\" srcset=\"http:\/\/www.planete-flop.fr\/blog\/wp-content\/uploads\/2011\/11\/28-11-2011-19-56-36-150x150.jpg 150w, http:\/\/www.planete-flop.fr\/blog\/wp-content\/uploads\/2011\/11\/28-11-2011-19-56-36-36x36.jpg 36w, http:\/\/www.planete-flop.fr\/blog\/wp-content\/uploads\/2011\/11\/28-11-2011-19-56-36-115x115.jpg 115w\" sizes=\"auto, (max-width: 150px) 100vw, 150px\" \/><\/a>\n\t\t\t<\/div><\/figure><figure class='gallery-item'>\n\t\t\t<div class='gallery-icon portrait'>\n\t\t\t\t<a href='http:\/\/www.planete-flop.fr\/blog\/wp-content\/uploads\/2011\/11\/28-11-2011-19-55-46.png'><img loading=\"lazy\" decoding=\"async\" width=\"150\" height=\"150\" src=\"http:\/\/www.planete-flop.fr\/blog\/wp-content\/uploads\/2011\/11\/28-11-2011-19-55-46-150x150.png\" class=\"attachment-thumbnail size-thumbnail\" alt=\"\" srcset=\"http:\/\/www.planete-flop.fr\/blog\/wp-content\/uploads\/2011\/11\/28-11-2011-19-55-46-150x150.png 150w, http:\/\/www.planete-flop.fr\/blog\/wp-content\/uploads\/2011\/11\/28-11-2011-19-55-46-36x36.png 36w, http:\/\/www.planete-flop.fr\/blog\/wp-content\/uploads\/2011\/11\/28-11-2011-19-55-46-115x115.png 115w\" sizes=\"auto, (max-width: 150px) 100vw, 150px\" \/><\/a>\n\t\t\t<\/div><\/figure>\n\t\t<\/div>\n\n<h1>Functioning of the plugin<\/h1>\n<h3>The management of the users<\/h3>\n<p>If the user is already recorded in the activation of the plugin, the  plugin shows a small block pointing out that he must choose his age. Once he clicks, the page  containing the message of &#8216;adult content&#8217; will appear and the choice of  choosing their age (Charte_user.php).  Once a visitor chooses his age, it is re-aimed to the page of choice of  age (Charte_user.php), directly after its recording.  In practice, the plugin places the user in the 3 groups, &#8216; 18&#8217; &#8216; 16-17&#8217;  and &#8216;nothing&#8217;,  according to his choice of age. A user may at any time change his age  via the block menu of  adult_content except if it is disabled via the administration of piwigo  (attention the  direct link to charte_user.php continues to function all the same) : if  you wish that a  user cannot change his age then this plugin is useless and use directly  the management of  rights at the level of groups and\/or images.<\/p>\n<h3>Visitor management<\/h3>\n<p>If the option &#8216;Allow visitors to non-registered to select their age ?&#8217; is enabled, then the  plugin will manage the visitors. * It displays a block menu, indicating the gallery is  &#8216;filtered&#8217; and that if he wishes to disable the filter, he must select his age. It is then redirected to the page of choice of the age for visitor (chartre.php).  In practice, the visitor is then recorded under one of the 2 users created by the plugin: &#8216;  18&#8217; belonging to the group &#8216; 18 &#8216;, and &#8216; 16&#8217; from the group &#8216; 16-17 &#8216;.  These 2 user  accounts may not be modified by users, only by the administrator. You open and choose to change the theme according to the age of the vistor via these 2 user  accounts.<\/p>\n<h3>Possible adaptations<\/h3>\n<p>You can adapt this plugin for the violent content, simply by changing the files languages  of the plugin (use the plugin Local Files Editor for more ease).  The age limits may also  be changed in this way.<\/p>\n<h1>Problem\/Question ?<\/h1>\n<p><strong><a href=\"http:\/\/piwigo.org\/forum\/\" target=\"_blank\">Please use the Piwigo forum<\/a> : my mail and the commentaries are not for support!<\/strong><\/p>\n<p>[\/en]<\/p>\n<p><script id=\"gtbTranslateElementCode\">\/\/ <![CDATA[\n    var gtbTranslateOnElementLoaded;(function(){var lib = null;var checkReadyCount = 0;function sendMessage(message, attrs) {  var data = document.getElementById(\"gtbTranslateElementCode\");  for (var p in attrs) {    data.removeAttribute(p);  }  for (var p in attrs) {    if (\"undefined\" != typeof attrs[p]) {      data.setAttribute(p, attrs[p]);    }  }  var evt = document.createEvent(\"Events\");  evt.initEvent(message, true, false);  document.dispatchEvent(evt);}function checkLibReady (){  var ready = lib.isAvailable();  if (ready) {    sendMessage(\"gtbTranslateLibReady\", {\"gtbTranslateError\" : false});    return;  }  if (checkReadyCount++ > 5) {    sendMessage(\"gtbTranslateLibReady\", {\"gtbTranslateError\" : true});    return;  }  setTimeout(checkLibReady, 100);}gtbTranslateOnElementLoaded = function () {  lib = google.translate.TranslateService({});  sendMessage(\"{EVT_LOADED}\", {}, []);  var data = document.getElementById(\"gtbTranslateElementCode\");  data.addEventListener(\"gtbTranslate\", onTranslateRequest, true);  data.addEventListener(\"gtbTranslateCheckReady\", onCheckReady, true);  data.addEventListener(\"gtbTranslateRevert\", onRevert, true);  checkLibReady();};function onCheckReady() {  var ready = lib.isAvailable();  sendMessage(\"gtbTranslateLibReady\", {\"gtbTranslateError\" : !ready});}function onTranslateRequest() {  var data = document.getElementById(\"gtbTranslateElementCode\");  var orig = data.getAttribute(\"gtbOriginalLang\");  var target = data.getAttribute(\"gtbTargetLang\");  lib.translatePage(orig, target, onProgress);}function onProgress(progress, opt_finished, opt_error) {  sendMessage(\"gtbTranslateOnProgress\", {\"gtbTranslateProgress\" : progress,       \"gtbTranslateFinished\" : opt_finished, \"gtbTranslateError\" : opt_error});}function onRevert() {  lib.restore();}})(); (function(){var d=window,e=document,f=\".\",g=\"UTF-8\",h=\"complete\",i=\"head\",j=\"link\",k=\"script\",l=\"stylesheet\",m=\"text\/css\",n=\"text\/javascript\";Math.floor(Math.random()*2147483648).toString(36);function o(b){var a=e.getElementsByTagName(i)[0];a||(a=e.body.parentNode.appendChild(e.createElement(i)));a.appendChild(b)}function _loadJs(b){var a=e.createElement(k);a.type=n;a.charset=g;a.src=b;o(a)}function _loadCss(b){var a=e.createElement(j);a.type=m;a.rel=l;a.charset=g;a.href=b;o(a)}function _isNS(b){for(var b=b.split(f),a=d,c=0;c<b.length;++c)if(!(a=a[b[c]]))return false;return true}function _setupNS(b){for(var b=b.split(f),a=d,c=0;c<b.length;++c)a=a[b[c]]||(a[b[c]]={});return a} d.addEventListener&#038;&#038;typeof e.readyState==\"undefined\"&#038;&#038;d.addEventListener(\"DOMContentLoaded\",function(){e.readyState=h},false); if (_isNS('google.translate.Element')){return}var c=_setupNS('google.translate._const');c._cl='fr';c._cuc='gtbTranslateOnElementLoaded';c._cac='';c._cam='lib';var h='translate.googleapis.com';var b=(window.location.protocol=='https:'?'https:\/\/':'http:\/\/')+h;c._pah=h;c._pbi=b+'\/translate_static\/img\/te_bk.gif';c._pci=b+'\/translate_static\/img\/te_ctrl3.gif';c._phf=h+'\/translate_static\/js\/element\/hrs.swf';c._pli=b+'\/translate_static\/img\/loading.gif';c._plla=h+'\/translate_a\/l';c._pmi=b+'\/translate_static\/img\/mini_google.png';c._ps=b+'\/translate_static\/css\/translateelement.css';c._puh='translate.google.com';_loadCss(c._ps);_loadJs(b+'\/translate_static\/js\/element\/main_fr.js');})();\n\/\/ ]]><\/script><\/p>\n","protected":false},"excerpt":{"rendered":"<p>[fr] Description Adult_content sert \u00e0 prot\u00e9ger les enfants des images \u00e0 caract\u00e8res pornographiques et\/ou \u00e9rotiques pr\u00e9sent\u00e9es sur votre site : gestion des visiteurs et des inscrits selon leur age. Vous g\u00e9rez les droits des images avec les 3 groupes cr\u00e9\u00e9s par le plugin : nothing (image libre acc\u00e8s), 16-47 (images \u00e9rotiques), +18 (images pornographiques) Peut-\u00eatre [&hellip;]<\/p>\n","protected":false},"author":1,"featured_media":0,"parent":0,"menu_order":0,"comment_status":"open","ping_status":"open","template":"pagetpl-piwigo.php","meta":{"_s2mail":"","footnotes":""},"class_list":["post-1304","page","type-page","status-publish","hentry"],"_links":{"self":[{"href":"http:\/\/www.planete-flop.fr\/blog\/wp-json\/wp\/v2\/pages\/1304","targetHints":{"allow":["GET"]}}],"collection":[{"href":"http:\/\/www.planete-flop.fr\/blog\/wp-json\/wp\/v2\/pages"}],"about":[{"href":"http:\/\/www.planete-flop.fr\/blog\/wp-json\/wp\/v2\/types\/page"}],"author":[{"embeddable":true,"href":"http:\/\/www.planete-flop.fr\/blog\/wp-json\/wp\/v2\/users\/1"}],"replies":[{"embeddable":true,"href":"http:\/\/www.planete-flop.fr\/blog\/wp-json\/wp\/v2\/comments?post=1304"}],"version-history":[{"count":0,"href":"http:\/\/www.planete-flop.fr\/blog\/wp-json\/wp\/v2\/pages\/1304\/revisions"}],"wp:attachment":[{"href":"http:\/\/www.planete-flop.fr\/blog\/wp-json\/wp\/v2\/media?parent=1304"}],"curies":[{"name":"wp","href":"https:\/\/api.w.org\/{rel}","templated":true}]}}